{"id":99,"date":"2019-06-26T19:05:14","date_gmt":"2019-06-26T19:05:14","guid":{"rendered":"https:\/\/up.ise.md\/?page_id=99"},"modified":"2026-03-04T04:32:42","modified_gmt":"2026-03-04T04:32:42","slug":"politica-editoriala","status":"publish","type":"page","link":"https:\/\/up.upsc.md\/?page_id=99","title":{"rendered":"Procedura de recenzare a manuscriselor aprobate de c\u0103tre colegiul de redac\u021bie"},"content":{"rendered":"<div class=\"entry\">\n<p>Recenzarea materialelor prezentate pentru publicare \u00een Revista \u0219tiin\u021bific\u0103\u00a0<em>Univers Pedagogic \u00a0<\/em>parcurge c\u00e2teva etape, av\u00e2nd drept scop selectarea celor mai valoroase articole \u0219tiin\u021bifice, asigur\u00e2ndu-se astfel calitatea materialului publicat.<\/p>\n<p><strong>La prima etap\u0103<\/strong>\u00a0articolul \u015ftiin\u0163ific sau de sintez\u0103, primit la redac\u0163ie de c\u0103tre redactorul\u2013\u0219ef pentru publicare, este evaluat preventiv prin testul \u201eSoftware-ul de detectare la Plagiat\u201d.<\/p>\n<p><strong>Evaluarea primar\u0103<\/strong>\u00a0se realizeaz\u0103 de c\u0103tre redactorul\u2013\u015fef sau redactorul \u015ftiin\u021bific \u015fi se atrage aten\u0163ie asupra componentelor principale pentru un articol \u0219tiin\u021bific, dac\u0103 denumirea este reflectat\u0103 \u00een con\u0163inutul articolului, dac\u0103 rezumatul reflect\u0103 con\u021binutul, cuvintele\u2013cheie corespund con\u0163inutului, dac\u0103 analiza literaturii, descrierea propriilor cercet\u0103ri, experimentul realizat sunt relatate corect, sunt f\u0103cute concluziile, bibliografia este ordonat\u0103 conform cerin\u0163elor ANACEC \u0219i ale revistei. Se acord\u0103 aten\u0163ie la originalitatea \u015fi actualitatea rezultatelor expuse, dac\u0103 sunt suficient inovative \u015fi interesante pentru a justifica publicarea, dac\u0103 cercetarea prezint\u0103 interes pentru comunitatea \u015ftiin\u0163ific\u0103, dar \u015fi pentru practicieni.<\/p>\n<p>\u00cen cazul \u00een care articolul nu \u00eendepline\u0219te cerin\u021bele generale \u00eenaintate fa\u021b\u0103 de articolele \u0219tiin\u021bifice, este respins sau autorul este anun\u021bat de c\u0103tre redactorul\u2013\u0219ef despre necesitatea de revizuire\/de ajustare a articolului.<\/p>\n<p><strong>La a doua etap\u0103,\u00a0<\/strong>dup\u0103 o constatare c\u0103 articolul corespunde cerin\u0163elor articolelor \u015ftiin\u0163ifice, redactorul-\u015fef, propune articolul spre recenzare la dou\u0103 persoane cu titlul \u0219tiin\u021bific, selectate de <strong>Colegiul \u0219tiin\u021bific al redac\u021biei din Baza de date a exper\u021bilor<\/strong>, competente \u00een domeniul dat. La analiza con\u0163inutului articolului de c\u0103tre\u00a0<strong>recenzent\u00a0<\/strong>se ia \u00een calcul fiecare element \u00een parte, urm\u0103rindu-se dac\u0103 titlul red\u0103 \u00een totalitate con\u0163inutul articolului, dac\u0103 rezumatul reflect\u0103 clar con\u0163inutul articolului \u0219i cuvintele-cheie exprim\u0103 repere de con\u0163inut, dac\u0103 introducerea este concis\u0103 \u015fi descrie starea de lucruri, dac\u0103 importan\u0163a studiului realizat este cunoscut\u0103 \u00een literatura de specialitate prin problema abordat\u0103 \u0219i cu ce date noi o completeaz\u0103 cercetarea actual\u0103. De asemenea dac\u0103 este relevant at\u00e2t con\u0163inutul propriu-zis al lucr\u0103rii prin argument\u0103ri \u0219i necesitatea cercet\u0103rii, reie\u015find din analiza literaturii \u00een domeniu, c\u00e2t \u0219i corectitudinea figurilor, tabelelor, iar rezultatele cercet\u0103rii realizate sunt explicate \u015fi dac\u0103 acestea sunt expuse \u00een mod clar \u015fi \u00eentr-o succesiune logic\u0103.<\/p>\n<p><strong>La a treia etap\u0103,<\/strong>\u00a0dup\u0103 evaluarea\u00a0<strong>peer-review<\/strong>\u00a0de c\u0103tre doi exper\u0163i independen\u021bi, materialul \u015fi concluziile\/recomand\u0103rile primite de la referen\u021bi sunt prezentate pentru verificare redactorului\u2013\u015fef \u015fi Consiliului \u0219tiin\u021bific al redac\u021biei, care fac recomand\u0103ri pentru decizia final\u0103. Autorul va fi anun\u0163at de redactorul\u2013\u015fef dac\u0103 articolul corespunde cerin\u0163elor \u015fi dac\u0103 va fi editat sau necesit\u0103 s\u0103 fie revizuit. \u00cen cazul ambelor recenzii negative \u2013 articolul este respins.<\/p>\n<p>Materialele nu se returneaz\u0103 autorului.<\/p>\n<p>Redacrorul\u2013\u0219ef anun\u021b\u0103 autorul despre decizia de publicare sau necesitatea de a revizui\/a completa articolul.<\/p>\n<\/div>\n","protected":false},"excerpt":{"rendered":"<p>Recenzarea materialelor prezentate pentru publicare \u00een Revista \u0219tiin\u021bific\u0103\u00a0Univers Pedagogic \u00a0parcurge c\u00e2teva etape, av\u00e2nd drept scop selectarea celor mai valoroase articole \u0219tiin\u021bifice, asigur\u00e2ndu-se astfel calitatea materialului publicat. La prima etap\u0103\u00a0articolul \u015ftiin\u0163ific sau de sintez\u0103, primit la redac\u0163ie de c\u0103tre redactorul\u2013\u0219ef pentru publicare, este evaluat preventiv prin testul \u201eSoftware-ul de detectare la Plagiat\u201d. Evaluarea primar\u0103\u00a0se realizeaz\u0103 de &#8230;<\/p>\n","protected":false},"author":1,"featured_media":0,"parent":0,"menu_order":0,"comment_status":"closed","ping_status":"closed","template":"","meta":{"footnotes":""},"class_list":["post-99","page","type-page","status-publish"],"_links":{"self":[{"href":"https:\/\/up.upsc.md\/index.php?rest_route=\/wp\/v2\/pages\/99","targetHints":{"allow":["GET"]}}],"collection":[{"href":"https:\/\/up.upsc.md\/index.php?rest_route=\/wp\/v2\/pages"}],"about":[{"href":"https:\/\/up.upsc.md\/index.php?rest_route=\/wp\/v2\/types\/page"}],"author":[{"embeddable":true,"href":"https:\/\/up.upsc.md\/index.php?rest_route=\/wp\/v2\/users\/1"}],"replies":[{"embeddable":true,"href":"https:\/\/up.upsc.md\/index.php?rest_route=%2Fwp%2Fv2%2Fcomments&post=99"}],"version-history":[{"count":11,"href":"https:\/\/up.upsc.md\/index.php?rest_route=\/wp\/v2\/pages\/99\/revisions"}],"predecessor-version":[{"id":1115,"href":"https:\/\/up.upsc.md\/index.php?rest_route=\/wp\/v2\/pages\/99\/revisions\/1115"}],"wp:attachment":[{"href":"https:\/\/up.upsc.md\/index.php?rest_route=%2Fwp%2Fv2%2Fmedia&parent=99"}],"curies":[{"name":"wp","href":"https:\/\/api.w.org\/{rel}","templated":true}]}}