{"id":94,"date":"2019-06-26T18:44:51","date_gmt":"2019-06-26T18:44:51","guid":{"rendered":"https:\/\/up.ise.md\/?page_id=94"},"modified":"2025-07-14T17:26:03","modified_gmt":"2025-07-14T17:26:03","slug":"politica-de-acces-deschis","status":"publish","type":"page","link":"https:\/\/up.upsc.md\/?page_id=94","title":{"rendered":"Politica de acces deschis"},"content":{"rendered":"<div class=\"entry\">\n<p>Revista \u0219tiin\u021bific\u0103\u00a0<em>Univers Pedagogic\u00a0<\/em>este o edi\u021bie \u0219tiin\u021bific\u0103, supus\u0103 unui proces de dubl\u0103 recenzare, evaluare <em>inter pares (peer-review)<\/em>, cu acces deschis, \u00een mod liber accesibil\u0103 cu acces online gratuit.<\/p>\n<p style=\"text-align: center;\"><img loading=\"lazy\" decoding=\"async\" class=\"alignnone size-medium wp-image-93\" src=\"https:\/\/up.upsc.md\/wp-content\/uploads\/2019\/06\/openaccessjournalslogo1-300x67.jpg\" alt=\"\" width=\"300\" height=\"67\" srcset=\"https:\/\/up.upsc.md\/wp-content\/uploads\/2019\/06\/openaccessjournalslogo1-300x67.jpg 300w, https:\/\/up.upsc.md\/wp-content\/uploads\/2019\/06\/openaccessjournalslogo1-768x173.jpg 768w, https:\/\/up.upsc.md\/wp-content\/uploads\/2019\/06\/openaccessjournalslogo1-1024x230.jpg 1024w, https:\/\/up.upsc.md\/wp-content\/uploads\/2019\/06\/openaccessjournalslogo1.jpg 1076w\" sizes=\"auto, (max-width: 300px) 100vw, 300px\" \/><\/p>\n<p>Conform defini\u021biei pentru \u201eAcces deschis\u201d din Ini\u021biativa Accesul Deschis de la Budapesta,\u00a0<em><strong>utilizatorii au dreptul de \u201ea citi, a desc\u0103rca, a copia, a distribui, a imprima, a c\u0103uta sau a crea link\u201d la textele integrale ale articolelor.<\/strong><\/em><\/p>\n<p><strong>CREATIVE COMMONS ATTRIBUTION LICENSE<\/strong><\/p>\n<p><a href=\"http:\/\/creativecommons.org\/licenses\/by\/4.0\/\"><strong>The Creative Commons Attribution License<\/strong><\/a>\u00a0(<strong>CC-BY<\/strong>) autorizeaz\u0103 autorii s\u0103 acorde permisiunea editorului pentru a publica articolul, ce permite utilizatorilor s\u0103 copieze, s\u0103 distribuie \u0219i s\u0103 transmit\u0103 articolul, s\u0103 adapteze articolul \u0219i s\u0103 fac\u0103 uz non-comercial \u0219i comercial al articolului. Autorii acord\u0103, de asemenea, dreptul de a folosi articolul \u00een mod liber.<\/p>\n<p style=\"text-align: center;\"><img loading=\"lazy\" decoding=\"async\" class=\"size-medium wp-image-96 aligncenter\" src=\"https:\/\/up.upsc.md\/wp-content\/uploads\/2019\/06\/cc-300x152.png\" alt=\"\" width=\"300\" height=\"152\" srcset=\"https:\/\/up.upsc.md\/wp-content\/uploads\/2019\/06\/cc-300x152.png 300w, https:\/\/up.upsc.md\/wp-content\/uploads\/2019\/06\/cc.png 407w\" sizes=\"auto, (max-width: 300px) 100vw, 300px\" \/><\/p>\n<\/div>\n","protected":false},"excerpt":{"rendered":"<p>Revista \u0219tiin\u021bific\u0103\u00a0Univers Pedagogic\u00a0este o edi\u021bie \u0219tiin\u021bific\u0103, supus\u0103 unui proces de dubl\u0103 recenzare, evaluare inter pares (peer-review), cu acces deschis, \u00een mod liber accesibil\u0103 cu acces online gratuit. Conform defini\u021biei pentru \u201eAcces deschis\u201d din Ini\u021biativa Accesul Deschis de la Budapesta,\u00a0utilizatorii au dreptul de \u201ea citi, a desc\u0103rca, a copia, a distribui, a imprima, a c\u0103uta sau &#8230;<\/p>\n","protected":false},"author":1,"featured_media":0,"parent":0,"menu_order":0,"comment_status":"closed","ping_status":"closed","template":"","meta":{"footnotes":""},"class_list":["post-94","page","type-page","status-publish"],"_links":{"self":[{"href":"https:\/\/up.upsc.md\/index.php?rest_route=\/wp\/v2\/pages\/94","targetHints":{"allow":["GET"]}}],"collection":[{"href":"https:\/\/up.upsc.md\/index.php?rest_route=\/wp\/v2\/pages"}],"about":[{"href":"https:\/\/up.upsc.md\/index.php?rest_route=\/wp\/v2\/types\/page"}],"author":[{"embeddable":true,"href":"https:\/\/up.upsc.md\/index.php?rest_route=\/wp\/v2\/users\/1"}],"replies":[{"embeddable":true,"href":"https:\/\/up.upsc.md\/index.php?rest_route=%2Fwp%2Fv2%2Fcomments&post=94"}],"version-history":[{"count":7,"href":"https:\/\/up.upsc.md\/index.php?rest_route=\/wp\/v2\/pages\/94\/revisions"}],"predecessor-version":[{"id":949,"href":"https:\/\/up.upsc.md\/index.php?rest_route=\/wp\/v2\/pages\/94\/revisions\/949"}],"wp:attachment":[{"href":"https:\/\/up.upsc.md\/index.php?rest_route=%2Fwp%2Fv2%2Fmedia&parent=94"}],"curies":[{"name":"wp","href":"https:\/\/api.w.org\/{rel}","templated":true}]}}