{"id":6,"date":"2019-06-17T19:29:06","date_gmt":"2019-06-17T19:29:06","guid":{"rendered":"https:\/\/up.ise.md\/?page_id=6"},"modified":"2025-07-14T17:23:40","modified_gmt":"2025-07-14T17:23:40","slug":"despre-revista","status":"publish","type":"page","link":"https:\/\/up.upsc.md\/?page_id=6","title":{"rendered":"Prezentare general\u0103"},"content":{"rendered":"<div class=\"entry\">\n\n\r\n<p><strong>Revist\u0103 \u015etiin\u0163ific\u0103 de Pedagogie \u015fi Psihologie\u00a0\u00a0<em>Univers Pedagogic\u00a0<\/em>este o publica\u021bie destinat\u0103 cercet\u0103torilor, cadrelor \u0219tiin\u021bifico-didactice universitare, doctoranzilor, practicienilor din domeniu, editat\u0103 trimestrial, \u00een versiune tip\u0103rit\u0103 ISNN 1811-5470 \u0219i \u00een versiune elecctronic\u0103 <\/strong><strong>E-ISSN 1857-4521,<\/strong> <strong>categoria C.<\/strong><\/p>\r\n<p><strong>Denumirea \u00een limba englez\u0103: Scientific Magazine of Pedagogy and Psychology <em>The Pedagogical Universe<\/em><\/strong><\/p>\r\n<p><strong>Editor:\u00a0<\/strong>Universitatea Pedagogic\u0103 de Stat \u201eIon CREANG\u0102\u201d din Chi\u0219in\u0103u, Republica Moldova<\/p>\r\n<p><strong>Indice de abonament la Po\u0219ta Moldovei:\u00a0<\/strong>PM 31742<\/p>\r\n<p><strong>Periodicitate:<\/strong>\u00a0trimestrial<\/p>\r\n<p><strong>Anul fond\u0103rii:<\/strong>\u00a02003<\/p>\r\n<p><strong>E-mail:<\/strong>\u00a0<a href=\"mailto:iseneluvicol@gmail.com\">iseneluvicol@gmail.com<\/a>; <a href=\"mailto:vicol.nelu@upsc.md\">vicol.nelu@upsc.md<\/a><\/p>\r\n<p>Versiunea complet\u0103 electronica a revistei este publicat\u0103 pe site-ul web al:\u00a0<a href=\"https:\/\/up.upsc.md\/\">https:\/\/up.upsc.md<\/a>\u00a0\u0219i \u00een Instrumentul Bibliometric National.<\/p>\r\n<p>Versiunea electronica publicat\u0103 este o revist\u0103 cu acces liber.<\/p>\r\n<p><strong><img loading=\"lazy\" decoding=\"async\" class=\"size-medium wp-image-93 aligncenter\" src=\"https:\/\/up.upsc.md\/wp-content\/uploads\/2019\/06\/openaccessjournalslogo1-300x67.jpg\" alt=\"\" width=\"300\" height=\"67\" srcset=\"https:\/\/up.upsc.md\/wp-content\/uploads\/2019\/06\/openaccessjournalslogo1-300x67.jpg 300w, https:\/\/up.upsc.md\/wp-content\/uploads\/2019\/06\/openaccessjournalslogo1-768x173.jpg 768w, https:\/\/up.upsc.md\/wp-content\/uploads\/2019\/06\/openaccessjournalslogo1-1024x230.jpg 1024w, https:\/\/up.upsc.md\/wp-content\/uploads\/2019\/06\/openaccessjournalslogo1.jpg 1076w\" sizes=\"auto, (max-width: 300px) 100vw, 300px\" \/><\/strong><\/p>\r\n<hr \/>\r\n<p>Revist\u0103 \u015etiin\u0163ific\u0103 de Pedagogie \u015fi Psihologie\u00a0<em>Univers Pedagogic\u00a0<\/em>a fost fondat\u0103 \u00een anul 2003 de Ministerului Educa\u0163iei \u015fi Cercet\u0103rii din Republica Moldova \u015fi editat\u0103 de Institutul de \u015etiin\u0163e ale Educa\u0163iei (2003-2022).<\/p>\r\n<p>Revista apare cu regularitate din anul 2003, fiind succesoarea revistelor\u00a0<em>Pedagogul <\/em>(a.f.1990),<em> Pedagogul sovietic <\/em>(a.f.1982),<em> \u00cenv\u0103\u0163\u0103torul sovietic\u00a0<\/em>(a.f. 1951).<\/p>\r\n<p>\u00cen anul 2022, dup\u0103 absorb\u021bia Institutului de \u015etiin\u0163e ale Educa\u0163iei de Universitatea Pedagogic\u0103 de Stat \u201eIon Creang\u0103\u201d (HG nr. 485 din 13.07.2022), fondator al Revistei\u00a0<em>Univers Pedagogic<\/em>\u00a0a devenit Universitatea Pedagogic\u0103 de Stat \u201eIon Creang\u0103\u201d.<\/p>\r\n<p><strong>Revista\u00a0<em>Univers Pedagogic,\u00a0<\/em>acreditat\u0103 Categoria C<\/strong>, este recunoscut\u0103 \u00een calitate de publica\u0163ie \u0219tiin\u0163ific\u0103\u00a0la profilurile<em> \u0218tiin\u021be ale Educa\u021biei <\/em>\u0219i <em>Psihologie<\/em>\u00a0(Certificat Seria R\u0218P Nr. 077), emis \u00een baza Deciziei Consiliului de Conducere al ANACEC nr. 7 din 06 martie 2025.<\/p>\r\n<p>Revista\u00a0<em>Univers Pedagogic \u00a0<\/em>men\u021bine site-ul web: <a href=\"https:\/\/up.upsc.md\">https:\/\/up.upsc.md<\/a> \u00a0\u0219i <a href=\"https:\/\/upsc.md\/cercetare\/reviste\">https:\/\/upsc.md\/cercetare\/reviste<\/a> , fiind certificat\u0103 de Camera Na\u021bional\u0103 a C\u0103r\u021bii din Moldova (<a href=\"http:\/\/www.bookchamber.md\">www.bookchamber.md<\/a> ), cu ISSN 1811-5470 \u0219i cu E-ISSN 1857-4521 \u0219i inclus\u0103 \u00een lista revistelor \u0219tiin\u021bifice a Instrumentului Bibliometric Na\u021bional: <a href=\"https:\/\/ibn.idsi.md\/reviste\">https:\/\/ibn.idsi.md\/reviste<\/a> ,\u00a0<\/p>\r\n<p><strong>(Categoria C),\u00a0<\/strong>precum \u0219i la Academia de \u0218tiin\u021be a Moldovei \u00een lista de reviste \u0219tiin\u021bifice: Lista revistelor \u0219tiin\u021bifice editate de organiza\u021bii din sfera \u0219tiin\u021bei \u0219i inov\u0103rii\u00a0<strong>(Categoria C).<\/strong><\/p>\r\n<p>Volumele revistei sunt gestionate de <em>Colegiul \u0219tiin\u021bific al redac\u021bie<\/em>, a c\u0103rui componen\u021b\u0103\u00a0 este reprezentat\u0103 de academicieni \u0219i membri coresponden\u021bi ai Academiei de \u0218tiin\u021be a Moldovei, de personalit\u0103\u021bi cu titlu \u0219tiin\u021bific \u00een domeniile <em>\u0218tiin\u021be ale Educa\u021biei<\/em> \u00a0\u0219i <em>Psihologie<\/em> din institu\u021biile de \u00eenv\u0103\u021b\u0103m\u00e2nt superior\/universitar din Republica Moldova \u0219i din str\u0103in\u0103tate, precum Rom\u00e2nia, Ucraina, Polonia.<\/p>\r\n<p>Membrii <em>Colegiului \u0219tiin\u021bific<\/em> <em>al redac\u021biei<\/em> particip\u0103 activ la recenzarea \u0219i aprobarea articolelor \u0219tiin\u021bifice pentru publicare, inclusiv \u00een calitate de echip\u0103 editorial\u0103 responsabil\u0103 de edi\u021bia revistei, condus\u0103 de redactorul-\u0219ef.<\/p>\r\n<p>Revista\u00a0<em>Univers Pedagogic\u00a0<\/em>este inclus\u0103 \u00een registrul de abonamente al Oficiului Po\u0219tal al Moldovei cu abonament index\u00a0<strong>PM 31742<\/strong>, unde p\u0103r\u021bile interesate, institu\u021biile de \u00eenv\u0103\u021b\u0103m\u00e2nt, cercet\u0103torii, cadrele \u0219tiin\u021bifico-didactice universitare, doctoranzii \u0219i bibliotecile din \u021bar\u0103 ar putea s\u0103-l contacteze de la oficiile po\u0219tale.<\/p>\r\n<p>Persoanele interesate \u00een publicarea articolelor \u0219tiin\u021bifice pot expedia materialele \u00een variant\u0103 digital\u0103 editorului la adresa: iseneluvicol@gmail.com; vicol.nelu@upsc.md. Articolele \u0219tiin\u021bifice expediate trebuie s\u0103 fie actuale \u0219i autorii s\u0103 respecte \u00een mod obligatoriu cerin\u021bele \u00een conformitate cu normele indicate de ANACEC.<\/p>\r\n<hr \/>\r\n<p><strong>Autorii \u00ee\u0219i p\u0103streaz\u0103 drepturile de autor \u00a0pentru publicarea articolului \u0219tiin\u021bific.<\/strong><\/p>\r\n<p>Revista\u00a0<em>Univers Pedagogic\u00a0<\/em>reprezint\u0103 o publica\u021bie valoroas\u0103 pentru cercet\u0103tori din domeniile <em>\u0218tiin\u021bele Educa\u021biei<\/em> \u00a0\u0219i <em>Psihologie<\/em> din \u021bar\u0103 \u0219i de peste hotare, precum \u0219i pentru practicieni, \u00een vederea disemin\u0103rii experien\u021belor avansate.<\/p>\r\n<p>De asemenea, revista este destinat\u0103 cadrelor didactice \u0219i educatorilor din sistemul educational, p\u0103rin\u021bilor \u0219i tuturor acelora interesa\u021bi de dezvoltarea procesului de predare-\u00eenv\u0103\u021bare-evaluare, a metodelor moderne de \u00eenv\u0103\u021bare, a dezvolt\u0103rii personalit\u0103\u021bii \u0219i specificului transform\u0103rilor \u0219i problemelor \u00een diferite perioade de v\u00e2rst\u0103, parteneriate educa\u021bionale etc.<\/p>\r\n<p>Echipa redac\u021bional\u0103 este receptiv\u0103 la sugestiile beneficiarilor.<\/p>\r\n<p>Cu considera\u021bie, Colegiul de redac\u021bie.<\/p>\r\n<p>Adresa juridic\u0103: str. Iablocikin, nr. 5, biroul 213, Chi\u0219in\u0103u 2069, Republica Moldova,\u00a0 \u00a0tel: +37368670055<\/p>\r\n<p>&nbsp;<\/p>\r\n\n\n<\/div>","protected":false},"excerpt":{"rendered":"<p>Revist\u0103 \u015etiin\u0163ific\u0103 de Pedagogie \u015fi Psihologie\u00a0\u00a0Univers Pedagogic\u00a0este o publica\u021bie destinat\u0103 cercet\u0103torilor, cadrelor \u0219tiin\u021bifico-didactice universitare, doctoranzilor, practicienilor din domeniu, editat\u0103 trimestrial, \u00een versiune tip\u0103rit\u0103 ISNN 1811-5470 \u0219i \u00een versiune elecctronic\u0103 E-ISSN 1857-4521, categoria C. Denumirea \u00een limba englez\u0103: Scientific Magazine of Pedagogy and Psychology The Pedagogical Universe Editor:\u00a0Universitatea Pedagogic\u0103 de Stat \u201eIon CREANG\u0102\u201d din Chi\u0219in\u0103u, Republica &#8230;<\/p>\n","protected":false},"author":1,"featured_media":0,"parent":0,"menu_order":0,"comment_status":"closed","ping_status":"closed","template":"","meta":{"footnotes":""},"class_list":["post-6","page","type-page","status-publish"],"_links":{"self":[{"href":"https:\/\/up.upsc.md\/index.php?rest_route=\/wp\/v2\/pages\/6","targetHints":{"allow":["GET"]}}],"collection":[{"href":"https:\/\/up.upsc.md\/index.php?rest_route=\/wp\/v2\/pages"}],"about":[{"href":"https:\/\/up.upsc.md\/index.php?rest_route=\/wp\/v2\/types\/page"}],"author":[{"embeddable":true,"href":"https:\/\/up.upsc.md\/index.php?rest_route=\/wp\/v2\/users\/1"}],"replies":[{"embeddable":true,"href":"https:\/\/up.upsc.md\/index.php?rest_route=%2Fwp%2Fv2%2Fcomments&post=6"}],"version-history":[{"count":20,"href":"https:\/\/up.upsc.md\/index.php?rest_route=\/wp\/v2\/pages\/6\/revisions"}],"predecessor-version":[{"id":661,"href":"https:\/\/up.upsc.md\/index.php?rest_route=\/wp\/v2\/pages\/6\/revisions\/661"}],"wp:attachment":[{"href":"https:\/\/up.upsc.md\/index.php?rest_route=%2Fwp%2Fv2%2Fmedia&parent=6"}],"curies":[{"name":"wp","href":"https:\/\/api.w.org\/{rel}","templated":true}]}}