{"id":129,"date":"2019-09-19T11:02:32","date_gmt":"2019-09-19T11:02:32","guid":{"rendered":"https:\/\/up.ise.md\/?page_id=129"},"modified":"2026-03-04T04:34:34","modified_gmt":"2026-03-04T04:34:34","slug":"recenzie","status":"publish","type":"page","link":"https:\/\/up.upsc.md\/?page_id=129","title":{"rendered":"Cerin\u021bele tehnice de redactare a articolelor \u0219tiin\u021bifice"},"content":{"rendered":"<div class=\"entry\">\n<p>CERIN\u0162E FA\u0162\u0102 DE AUTORII CARE INTEN\u0162IONEAZ\u0102 S\u0102 PUBLICE ARTICOLE \u015eTIIN\u0162IFICE \u00ceN REVISTA \u201eUNIVERS PEDAGOGIC\u201d<br \/>\nISSN 1811-5470<\/p>\n<p>E-ISSN 1857-4521<br \/>\nSite:\u00a0<a href=\"https:\/\/up.upsc.md\/\">http:\/\/up.upsc.md<\/a><\/p>\n<p><strong>Articolul prezentat la redac\u0163ie<\/strong>\u00a0va fi scris \u00een conformitate cu cerin\u0163ele generale acceptate pentru asemenea publica\u0163ii \u2013 <em>Normele de redactare a textelor<\/em>, expediat cu dou\u0103 luni \u00eenainte de publicare, pe suport electronic, \u00een limba rom\u00e2n\u0103 sau, respectiv, \u00een limbile de circula\u0163ie interna\u0163ional\u0103 (rom\u00e2n\u0103, englez\u0103, german\u0103, francez\u0103, rus\u0103, spaniol\u0103).<\/p>\n<p>Volumul unui articol va cuprinde de la 0,25 coli la 0,4 coli de autor (pagina A4 210\u00d7297). <strong>\u00a0<\/strong><\/p>\n<p>Dac\u0103 articolul este scris de doi autori, atunci volumul va constitui de la 0,5 coli\u00a0 \u0219i nu va dep\u0103\u0219i 1,0 coli de autor (pagina A4 210\u00d7297). <strong>O coal\u0103 de autor semnific\u0103 40.000 de semne (de cuvinte)<\/strong> cu spa\u021bii<strong>. <\/strong><\/p>\n<p><strong>\u00a0Structura articolului va cuprinde:\u00a0<\/strong><\/p>\n<ol>\n<li>Titlul articolului (Times New Roman, bold, 14 pt, centrat);<\/li>\n<li>Autorul\/Autorii articolului (nume, prenume, titlul \u015fi gradul \u015ftiin\u0163ific, afilierea institu\u0163ional\u0103, func\u021bia \u0219i loca\u021bia angajatorului, ORCID \u0219i adresa de e-mail);<\/li>\n<\/ol>\n<p><strong>Not\u0103:<\/strong> autorul va preciza \u0219i informa\u021bia privind func\u021bia, institu\u021bia \u0219i loca\u021bia acesteia: precizarea este necesar\u0103 pentru rubrica <em>Autorii no\u0219tri<\/em>.<\/p>\n<ol start=\"3\">\n<li>Rezumatul (Times New Roman, 12 pt, cursiv, <strong>circa 100-150 de semne<\/strong> (de cuvinte), \u00een limba rom\u00e2n\u0103, englez\u0103 sau \u00een alt\u0103 limb\u0103 de circula\u021bie interna\u021bional\u0103 recunoscut\u0103 oficial);<\/li>\n<li>Cuvintele-cheie \u2013 5-7 (\u00een limba rom\u00e2n\u0103, englez\u0103 sau \u00een alt\u0103 limb\u0103 de circula\u021bie interna\u021bional\u0103 recunoscut\u0103 oficial);<\/li>\n<li>Con\u0163inutul propriu-zis: Introducere, Discu\u021bii, Metode, Rezultate, Concluzii \u0219i Recomand\u0103ri (dup\u0103 caz);<\/li>\n<li>Referin\u0163ele bibliografice selectate rezonabil, f\u0103r\u0103 a exagera num\u0103rul acestora;<\/li>\n<li>Anexe (dup\u0103 caz).<\/li>\n<\/ol>\n<p><strong>Textul va fi prezentat<\/strong>\u00a0\u00een una dintre limbile rom\u00e2n\u0103, englez\u0103, german\u0103, francez\u0103, rus\u0103, spaniol\u0103; paper size: A4 210 x 297 mm; Times New Roman, 12 pt; interval \u2013 1,15; margini: top \u2013 15 mm, bottom \u2013 20 mm, left \u2013 20 mm, right \u2013 20 mm, alineat \u2013 10 mm.<\/p>\n<p><strong>Referin\u0163ele bibliografice<\/strong>\u00a0se vor plasa la sf\u00e2r\u015fitul articolului \u00een ordine alfabetic\u0103 (numele &#8211; cu litere majuscule ale acestuia, prenumele &#8211; cu ini\u021bial\u0103 majuscul\u0103, titlul, editura \u0219i anul edi\u021biei, num\u0103rul paginii\/num\u0103rul paginilor, ISBN (<em>pentru c\u0103r\u021bi<\/em> \u0219i <em>volume<\/em>) \/ ISSN (pentru reviste) \u2013 cu Times New Roman, 12, Alignment left).<\/p>\n<p>Referin\u021bele bibliografice vor con\u0163ine surse rezonabile pentru conformitatea \u0219tiin\u021bific\u0103 \u0219i metodologoic\u0103 a articolului, omi\u021b\u00e2ndu-se excesul acestora conform volumului textului.<\/p>\n<p>\u00cen text se vor indica trimiterile bibliografice astfel: [5] sau [5, p.].<\/p>\n<p>\u00cen context, la prezentarea articolului autorul va prezenta <em>Declara\u021bia pe propria r\u0103spundere<\/em>:<\/p>\n<p><strong>DECLARA\u021aIE PE PROPRIA R\u0102\u0218PUNDERE<\/strong><\/p>\n<p>Subsemnatul\/Subsemnata (<em>prenumele, numele, date privind studiile, titlul \u0219tiin\u021bific\/\u0219tiin\u021bifico-didactic, func\u021bia, institu\u021bia, loca\u021bia<\/em>) declar pe propria r\u0103spundere c\u0103 textul articolului (<em>titlul articolului<\/em>) este original \u0219i nu con\u021bine nici un material str\u0103in de proprietate neprotejat prin brevet sau cerere de brevet. Responsabilitatea pentru autenticitatea con\u021binutului articolului \u0219tiin\u021bific \u0219i pentru protec\u021bia materialului propriu mi le asum. De asemenea, declar c\u0103 articolul nu a fost publicat cu acela\u0219i con\u021binut \u00een alte edi\u021bii (reviste, volume, c\u0103r\u021bi).<\/p>\n<p>Data prezent\u0103rii:<\/p>\n<p>Semn\u0103tura:<\/p>\n<p>Doctoranzii,\u00a0care sunt autori ai articolului \u0219tiin\u021bific, <strong>vor prezenta Referin\u021ba\/Recenzia\u00a0asupra\u00a0textului articolului semnat\u0103 de conduc\u0103torul \u0219tiin\u021bific al doctoratului<\/strong>, conform modelului prezentat de Redac\u021bia Revistei <em>Univers Pedagogic<\/em>, dup\u0103 recep\u021bionarea\u00a0articolului.<\/p>\n<\/div>\n","protected":false},"excerpt":{"rendered":"<p>CERIN\u0162E FA\u0162\u0102 DE AUTORII CARE INTEN\u0162IONEAZ\u0102 S\u0102 PUBLICE ARTICOLE \u015eTIIN\u0162IFICE \u00ceN REVISTA \u201eUNIVERS PEDAGOGIC\u201d ISSN 1811-5470 E-ISSN 1857-4521 Site:\u00a0http:\/\/up.upsc.md Articolul prezentat la redac\u0163ie\u00a0va fi scris \u00een conformitate cu cerin\u0163ele generale acceptate pentru asemenea publica\u0163ii \u2013 Normele de redactare a textelor, expediat cu dou\u0103 luni \u00eenainte de publicare, pe suport electronic, \u00een limba rom\u00e2n\u0103 sau, respectiv, &#8230;<\/p>\n","protected":false},"author":1,"featured_media":0,"parent":0,"menu_order":0,"comment_status":"closed","ping_status":"closed","template":"","meta":{"footnotes":""},"class_list":["post-129","page","type-page","status-publish"],"_links":{"self":[{"href":"https:\/\/up.upsc.md\/index.php?rest_route=\/wp\/v2\/pages\/129","targetHints":{"allow":["GET"]}}],"collection":[{"href":"https:\/\/up.upsc.md\/index.php?rest_route=\/wp\/v2\/pages"}],"about":[{"href":"https:\/\/up.upsc.md\/index.php?rest_route=\/wp\/v2\/types\/page"}],"author":[{"embeddable":true,"href":"https:\/\/up.upsc.md\/index.php?rest_route=\/wp\/v2\/users\/1"}],"replies":[{"embeddable":true,"href":"https:\/\/up.upsc.md\/index.php?rest_route=%2Fwp%2Fv2%2Fcomments&post=129"}],"version-history":[{"count":11,"href":"https:\/\/up.upsc.md\/index.php?rest_route=\/wp\/v2\/pages\/129\/revisions"}],"predecessor-version":[{"id":1116,"href":"https:\/\/up.upsc.md\/index.php?rest_route=\/wp\/v2\/pages\/129\/revisions\/1116"}],"wp:attachment":[{"href":"https:\/\/up.upsc.md\/index.php?rest_route=%2Fwp%2Fv2%2Fmedia&parent=129"}],"curies":[{"name":"wp","href":"https:\/\/api.w.org\/{rel}","templated":true}]}}